{"id":6,"date":"2017-11-14T10:56:17","date_gmt":"2017-11-14T10:56:17","guid":{"rendered":"http:\/\/bridge111.qodeinteractive.com\/?page_id=6"},"modified":"2025-09-16T08:23:55","modified_gmt":"2025-09-16T06:23:55","slug":"home","status":"publish","type":"page","link":"https:\/\/www.lychee-berlin.de\/web\/","title":{"rendered":"Home"},"content":{"rendered":"<section class=\"wpb-content-wrapper\"><p>[vc_row css_animation=&#8221;&#8221; row_type=&#8221;row&#8221; use_row_as_full_screen_section=&#8221;no&#8221; type=&#8221;full_width&#8221; angled_section=&#8221;no&#8221; text_align=&#8221;left&#8221; background_image_as_pattern=&#8221;without_pattern&#8221; css=&#8221;.vc_custom_1553984997905{padding-bottom: 100px !important;background-position: center !important;background-repeat: no-repeat !important;background-size: contain !important;}&#8221; z_index=&#8221;&#8221;][vc_column][vc_row_inner row_type=&#8221;row&#8221; type=&#8221;grid&#8221; text_align=&#8221;left&#8221; css_animation=&#8221;&#8221; css=&#8221;.vc_custom_1511452269994{background-image: url(http:\/\/bridge111.qodeinteractive.com\/wp-content\/uploads\/2017\/11\/row-trans-1-new.png?id=262) !important;background-position: center !important;background-repeat: no-repeat !important;background-size: contain !important;}&#8221; el_class=&#8221;row-with-background&#8221;][vc_column_inner][qode_elements_holder number_of_columns=&#8221;two_columns&#8221; switch_to_one_column=&#8221;1000&#8243;][qode_elements_holder_item advanced_animations=&#8221;no&#8221; item_padding=&#8221;0 0px 20px 105px&#8221; item_padding_768_1024=&#8221;0 0px 20px 60px&#8221; item_padding_600_768=&#8221;0 0px 20px 30px&#8221; item_padding_480=&#8221;0 0px 20px 15px&#8221;][vc_column_text]<\/p>\n<h3>China Restaurant Lychee<\/h3>\n<p>[\/vc_column_text][vc_column_text]<\/p>\n<h2>\u00dcber uns<\/h2>\n<p>[\/vc_column_text][vc_separator type=&#8221;small&#8221; position=&#8221;left&#8221; color=&#8221;#e1a856&#8243; transparency=&#8221;1&#8243; thickness=&#8221;1&#8243; width=&#8221;80&#8243; up=&#8221;25&#8243; down=&#8221;25&#8243;][vc_column_text]Wir m\u00f6chten Sie recht herzlich in unserem Restaurant beger\u00fc\u00dfen. Das Restaurant Lychee widmet sich chinesischer Esskultur, dem perfektem Zusammentreffen von Sch\u00e4rfe und Milde. Alle unsere Gerichte sind hausgemacht und raffiniert zubereitet f\u00fcr den anspruchsvollen Gaumen. Diesem Anliegen verpflichtet, arbeitet unsere K\u00fcche nur mit dem frischesten Kompositionen, nat\u00fcrlichen Aromen und absolute OHNE den Einsatz von Glutamat. [\/vc_column_text][vc_empty_space height=&#8221;22px&#8221;][\/qode_elements_holder_item][qode_elements_holder_item advanced_animations=&#8221;no&#8221; item_padding=&#8221;0 50px 0 0&#8243;][vc_single_image image=&#8221;8098&#8243; img_size=&#8221;full&#8221; alignment=&#8221;center&#8221; qode_css_animation=&#8221;&#8221;][\/qode_elements_holder_item][\/qode_elements_holder][\/vc_column_inner][\/vc_row_inner][vc_row_inner row_type=&#8221;row&#8221; type=&#8221;full_width&#8221; text_align=&#8221;left&#8221; css_animation=&#8221;&#8221;][vc_column_inner][vc_column_text]<\/p>\n<h2 style=\"text-align: center;\">Tagesmen\u00fc<\/h2>\n<p>[\/vc_column_text][vc_separator type=&#8221;small&#8221; position=&#8221;center&#8221; color=&#8221;#e1a856&#8243; transparency=&#8221;1&#8243; thickness=&#8221;1&#8243; width=&#8221;80&#8243; up=&#8221;25&#8243; down=&#8221;25&#8243;][\/vc_column_inner][\/vc_row_inner][vc_row_inner row_type=&#8221;row&#8221; type=&#8221;grid&#8221; text_align=&#8221;left&#8221; css_animation=&#8221;&#8221;][vc_column_inner width=&#8221;1\/3&#8243;][vc_single_image image=&#8221;8103&#8243; img_size=&#8221;full&#8221; alignment=&#8221;center&#8221; onclick=&#8221;custom_link&#8221; qode_css_animation=&#8221;&#8221; link=&#8221;https:\/\/www.lychee-berlin.de\/web\/menuekarte&#8221;][\/vc_column_inner][vc_column_inner width=&#8221;1\/3&#8243;][vc_single_image image=&#8221;8105&#8243; img_size=&#8221;full&#8221; alignment=&#8221;center&#8221; onclick=&#8221;custom_link&#8221; qode_css_animation=&#8221;&#8221; link=&#8221;https:\/\/www.lychee-berlin.de\/web\/menuekarte&#8221;][vc_empty_space height=&#8221;45px&#8221;][\/vc_column_inner][vc_column_inner width=&#8221;1\/3&#8243;][vc_single_image image=&#8221;8107&#8243; img_size=&#8221;full&#8221; alignment=&#8221;center&#8221; onclick=&#8221;custom_link&#8221; qode_css_animation=&#8221;&#8221; link=&#8221;https:\/\/www.lychee-berlin.de\/web\/menuekarte&#8221;][\/vc_column_inner][\/vc_row_inner][vc_row_inner row_type=&#8221;row&#8221; type=&#8221;grid&#8221; text_align=&#8221;left&#8221; css_animation=&#8221;&#8221;][vc_column_inner width=&#8221;1\/6&#8243;][\/vc_column_inner][vc_column_inner width=&#8221;2\/3&#8243;][vc_column_text]<\/p>\n<h6>Montag bis Freitag von 12.00 \u2013 16.00 Uhr (au\u00dfer Wochenende und an Feiertagen).<br \/>\nAlle Tagesmen\u00fcs werden mit Minifr\u00fchlingsrollen oder Sauer-scharf-Suppen oder Gem\u00fcsesuppe serviert.<\/h6>\n<p>[\/vc_column_text][vc_column_text]<\/p>\n<h6><span style=\"color: #e1a856;\"><strong>Sie k\u00f6nnen auf das obige Beispielbild klicken, um das Tagesmen\u00fc zu sehen.<\/strong><\/span><\/h6>\n<p>[\/vc_column_text][vc_empty_space height=&#8221;45px&#8221;][\/vc_column_inner][vc_column_inner width=&#8221;1\/6&#8243;][\/vc_column_inner][\/vc_row_inner][vc_row_inner row_type=&#8221;row&#8221; type=&#8221;full_width&#8221; text_align=&#8221;left&#8221; css_animation=&#8221;&#8221;][vc_column_inner][vc_column_text]<\/p>\n<h2 style=\"text-align: center;\">Catering- und Partyservice<\/h2>\n<p>[\/vc_column_text][vc_separator type=&#8221;small&#8221; position=&#8221;center&#8221; color=&#8221;#e1a856&#8243; transparency=&#8221;1&#8243; thickness=&#8221;1&#8243; width=&#8221;80&#8243; up=&#8221;25&#8243; down=&#8221;25&#8243;][\/vc_column_inner][\/vc_row_inner][vc_row_inner row_type=&#8221;row&#8221; type=&#8221;grid&#8221; text_align=&#8221;left&#8221; css_animation=&#8221;&#8221;][vc_column_inner width=&#8221;1\/6&#8243;][\/vc_column_inner][vc_column_inner width=&#8221;2\/3&#8243;][vc_single_image image=&#8221;8109&#8243; img_size=&#8221;full&#8221; add_caption=&#8221;yes&#8221; alignment=&#8221;center&#8221; qode_css_animation=&#8221;&#8221; qode_hover_animation=&#8221;zoom_in&#8221;][vc_empty_space height=&#8221;45px&#8221;][vc_column_text]<\/p>\n<h6>Unser Restaurant bietet erstklassiges Catering und Partyservice f\u00fcr Ihre besonderen Anl\u00e4sse. Genie\u00dfen Sie eine vielf\u00e4ltige Auswahl an k\u00f6stlichen Gerichten, die perfekt auf Ihre Veranstaltung abgestimmt sind. Kontaktieren Sie uns f\u00fcr weitere Informationen und individuelle Angebote.<\/h6>\n<p>[\/vc_column_text][\/vc_column_inner][vc_column_inner width=&#8221;1\/6&#8243;][\/vc_column_inner][\/vc_row_inner][\/vc_column][\/vc_row][vc_row css_animation=&#8221;&#8221; row_type=&#8221;row&#8221; use_row_as_full_screen_section=&#8221;no&#8221; type=&#8221;grid&#8221; angled_section=&#8221;no&#8221; text_align=&#8221;left&#8221; background_image_as_pattern=&#8221;without_pattern&#8221; css=&#8221;.vc_custom_1553872438619{background-position: center !important;background-repeat: no-repeat !important;background-size: contain !important;}&#8221; z_index=&#8221;&#8221;][vc_column][vc_column_text]<\/p>\n<h3 style=\"text-align: center;\">Angebot des Monats<\/h3>\n<p>[\/vc_column_text][vc_separator type=&#8221;small&#8221; position=&#8221;center&#8221; color=&#8221;#e1a856&#8243; transparency=&#8221;1&#8243; thickness=&#8221;1&#8243; width=&#8221;80&#8243; up=&#8221;25&#8243; down=&#8221;25&#8243;][vc_column_text]<\/p>\n<h6>Wir erm\u00f6glichen Ihnen dadurch eine kulinarische Reise durch ganz China und w\u00fcnschen Ihnen einen Guten Appetit, eine angenehme Zeit bei uns und viel Freude bei der Entdeckung unserer kulinarischen Sch\u00e4tze. Wir erwarten Sie mit gro\u00dfer Freunde und Gastfreundschaft.<\/h6>\n<p>[\/vc_column_text][vc_empty_space height=&#8221;45px&#8221;][\/vc_column][\/vc_row]<\/p>\n<\/section>","protected":false},"excerpt":{"rendered":"<p>[vc_row css_animation=&#8221;&#8221; row_type=&#8221;row&#8221; use_row_as_full_screen_section=&#8221;no&#8221; type=&#8221;full_width&#8221; angled_section=&#8221;no&#8221; text_align=&#8221;left&#8221; background_image_as_pattern=&#8221;without_pattern&#8221; css=&#8221;.vc_custom_1553984997905{padding-bottom: 100px !important;background-position: center !important;background-repeat: no-repeat !important;background-size: contain !important;}&#8221; z_index=&#8221;&#8221;][vc_column][vc_row_inner row_type=&#8221;row&#8221; type=&#8221;grid&#8221; text_align=&#8221;left&#8221; css_animation=&#8221;&#8221; css=&#8221;.vc_custom_1511452269994{background-image: url(http:\/\/bridge111.qodeinteractive.com\/wp-content\/uploads\/2017\/11\/row-trans-1-new.png?id=262) !important;background-position: center !important;background-repeat: no-repeat !important;background-size: contain !important;}&#8221; el_class=&#8221;row-with-background&#8221;][vc_column_inner][qode_elements_holder number_of_columns=&#8221;two_columns&#8221; switch_to_one_column=&#8221;1000&#8243;][qode_elements_holder_item advanced_animations=&#8221;no&#8221; item_padding=&#8221;0 0px 20px 105px&#8221; item_padding_768_1024=&#8221;0 0px 20px 60px&#8221; item_padding_600_768=&#8221;0 0px&#8230;<\/p>\n","protected":false},"author":1,"featured_media":0,"parent":0,"menu_order":25,"comment_status":"closed","ping_status":"closed","template":"full_width.php","meta":[],"_links":{"self":[{"href":"https:\/\/www.lychee-berlin.de\/web\/wp-json\/wp\/v2\/pages\/6"}],"collection":[{"href":"https:\/\/www.lychee-berlin.de\/web\/wp-json\/wp\/v2\/pages"}],"about":[{"href":"https:\/\/www.lychee-berlin.de\/web\/wp-json\/wp\/v2\/types\/page"}],"author":[{"embeddable":true,"href":"https:\/\/www.lychee-berlin.de\/web\/wp-json\/wp\/v2\/users\/1"}],"replies":[{"embeddable":true,"href":"https:\/\/www.lychee-berlin.de\/web\/wp-json\/wp\/v2\/comments?post=6"}],"version-history":[{"count":73,"href":"https:\/\/www.lychee-berlin.de\/web\/wp-json\/wp\/v2\/pages\/6\/revisions"}],"predecessor-version":[{"id":8116,"href":"https:\/\/www.lychee-berlin.de\/web\/wp-json\/wp\/v2\/pages\/6\/revisions\/8116"}],"wp:attachment":[{"href":"https:\/\/www.lychee-berlin.de\/web\/wp-json\/wp\/v2\/media?parent=6"}],"curies":[{"name":"wp","href":"https:\/\/api.w.org\/{rel}","templated":true}]}}